{"id":1346,"date":"2020-08-20T19:53:54","date_gmt":"2020-08-20T19:53:54","guid":{"rendered":"http:\/\/octopuswordpress.online\/?page_id=1346"},"modified":"2020-12-04T17:28:36","modified_gmt":"2020-12-04T17:28:36","slug":"terms-of-use","status":"publish","type":"page","link":"https:\/\/octopusinterview.online\/es\/terms-of-use\/","title":{"rendered":"T\u00e9rminos de uso"},"content":{"rendered":"<div data-elementor-type=\"wp-page\" data-elementor-id=\"1346\" class=\"elementor elementor-1346\">\n\t\t\t\t\t\t<section class=\"elementor-section elementor-top-section elementor-element elementor-element-db84abc elementor-section-boxed elementor-section-height-default elementor-section-height-default\" data-id=\"db84abc\" data-element_type=\"section\" data-e-type=\"section\">\n\t\t\t\t\t\t<div class=\"elementor-container elementor-column-gap-default\">\n\t\t\t\t\t<div class=\"elementor-column elementor-col-100 elementor-top-column elementor-element elementor-element-204ab1b\" data-id=\"204ab1b\" data-element_type=\"column\" data-e-type=\"column\">\n\t\t\t<div class=\"elementor-widget-wrap elementor-element-populated\">\n\t\t\t\t\t\t<div class=\"elementor-element elementor-element-f86090a elementor-widget elementor-widget-spacer\" data-id=\"f86090a\" data-element_type=\"widget\" data-e-type=\"widget\" data-widget_type=\"spacer.default\">\n\t\t\t\t<div class=\"elementor-widget-container\">\n\t\t\t\t\t\t\t<div class=\"elementor-spacer\">\n\t\t\t<div class=\"elementor-spacer-inner\"><\/div>\n\t\t<\/div>\n\t\t\t\t\t\t<\/div>\n\t\t\t\t<\/div>\n\t\t\t\t<div class=\"elementor-element elementor-element-4eb059c2 elementor-widget elementor-widget-text-editor\" data-id=\"4eb059c2\" data-element_type=\"widget\" data-e-type=\"widget\" data-widget_type=\"text-editor.default\">\n\t\t\t\t<div class=\"elementor-widget-container\">\n\t\t\t\t\t\t\t\t\t\n<h4 class=\"wp-block-heading\"><strong>Introducci\u00f3n<\/strong><\/h4>\n\n\n\n<p>Este servicio de video entrevistas es proporcionado por Octopus Metrics Ltd. a trav\u00e9s de la plataforma https:\/\/www.octopusinterview.com. Para utilizar este servicio, debe aceptar nuestros T\u00e9rminos y condiciones.<\/p>\n\n\n\n<h4 class=\"wp-block-heading\"><strong>cambios<\/strong><\/h4>\n\n\n\n<p>Podemos cambiar estos t\u00e9rminos. Si hacemos cambios, se lo notificaremos por correo electr\u00f3nico en consecuencia y si contin\u00faa utilizando este servicio, se considerar\u00e1 que ha aceptado los t\u00e9rminos modificados. Tambi\u00e9n podemos cambiar en cualquier momento los servicios ofrecidos por este sitio y podemos suspender o cancelar su cuenta en cualquier momento y por cualquier motivo.<\/p>\n\n\n\n<h4 class=\"wp-block-heading\"><strong>uso de este sitio web<\/strong><\/h4>\n\n\n\n<p>Este servicio est\u00e1 destinado a empleadores, reclutadores y otros entrevistadores y candidatos. No se puede utilizar para ning\u00fan otro prop\u00f3sito. Dado el prop\u00f3sito de este sitio, esperamos que se comporte profesionalmente al publicar contenido, pero para ser claros, el contenido que publica:<\/p>\n\n\n\n<ul class=\"wp-block-list\"><li>debe ser verdadero<\/li><li>no debe infringir ninguna ley ni ning\u00fan derecho de ninguna persona.<\/li><li>no debe promocionar otros bienes o servicios.<\/li><li>no debe ser ofensivo.<\/li><\/ul>\n\n\n\n<p>Usted acepta indemnizarnos contra cualquier reclamo de terceros que surja de su uso del sitio y cualquier contenido que publique. Podemos eliminar cualquier contenido que publique.<\/p>\n\n\n\n<p>No puede intentar subvertir la seguridad de este sitio. Debe mantener su contrase\u00f1a confidencial y no compartirla con nadie m\u00e1s.<\/p>\n\n\n\n<h4 class=\"wp-block-heading\"><strong>registros<\/strong><\/h4>\n\n\n\n<p>Sujeto a la responsabilidad a continuaci\u00f3n, conservaremos los videos durante al menos tres meses a partir de la fecha de grabaci\u00f3n.<\/p>\n\n\n\n<h4 class=\"wp-block-heading\"><strong>Precio<\/strong><\/h4>\n\n\n\n<p>Los usuarios compran cr\u00e9ditos. Cada cr\u00e9dito equivale a una respuesta de candidato que dura hasta un minuto. Cada respuesta de candidato \/ cr\u00e9dito que se cargue correctamente en la cuenta de un usuario tendr\u00e1 un costo de $ 0.02 (IVA incluido). Los cr\u00e9ditos no utilizados vencen 1 a\u00f1o calendario despu\u00e9s de la fecha de compra. Es posible que cambiemos este precio en el futuro. Cualquier cambio no afectar\u00e1 a sus compras anteriores. Si realizamos cambios en el precio de un cr\u00e9dito, se lo notificaremos por correo electr\u00f3nico en consecuencia y si contin\u00faa utilizando este servicio, se considerar\u00e1 que ha aceptado los t\u00e9rminos modificados. <\/p>\n\n\n\n<p><\/p>\n\n\n\n<h4 class=\"wp-block-heading\"><strong>Responsabilidad<\/strong><\/h4>\n\n\n\n<p>No verificamos la exactitud del contenido publicado por los usuarios de este sitio y no aceptamos ninguna responsabilidad por dicho contenido. Debe verificar cualquier contenido antes de confiar en \u00e9l. Usted es responsable de cualquier contenido que publique.<\/p>\n\n\n\n<p>Hacemos todo lo posible por mantener este sitio en funcionamiento, pero a veces puede haber problemas. A veces, tambi\u00e9n tendremos que quitar el sitio para realizar tareas de mantenimiento. No aceptamos ninguna responsabilidad por interrupciones.<\/p>\n\n\n\n<p>En general, el sitio se proporciona \"tal cual\" y cualquier t\u00e9rmino impl\u00edcito est\u00e1 excluido de estos t\u00e9rminos en la medida m\u00e1xima permitida por la ley. No aceptamos ninguna responsabilidad por errores en su funcionamiento ni garantizamos ninguna funcionalidad.<\/p>\n\n\n\n<p>En la medida m\u00e1xima permitida por la ley, nuestra responsabilidad total hacia usted en relaci\u00f3n con estos t\u00e9rminos y su uso de este sitio, ya sea que surja de un contrato, agravio (incluida la negligencia), incumplimiento del deber legal o de otro modo, se limitar\u00e1 a \u00a3 100 y nosotros no ser\u00e1 responsable de ninguna p\u00e9rdida de ingresos, ganancias, fondo de comercio, datos o negocios o cualquier p\u00e9rdida indirecta o consecuente que surja.<\/p>\n\n\n\n<h4 class=\"wp-block-heading\"><strong>Derechos al contenido<\/strong><\/h4>\n\n\n\n<p>Reclamamos los derechos de autor de este sitio adem\u00e1s del contenido del usuario. Puede utilizar este sitio ley\u00e9ndolo en su navegador o imprimiendo copias para su uso personal, pero nos reservamos todos los dem\u00e1s derechos. No aceptamos que enmarques contenido en este sitio.<\/p>\n\n\n\n<p>Usted conserva la propiedad de cualquier contenido que publique en este sitio (incluidos los datos que proporcione). Usted nos otorga una licencia no exclusiva, mundial, perpetua e irrevocable para usar y sublicenciar dicho contenido para cualquier prop\u00f3sito en relaci\u00f3n con este sitio y \/ o cualquier servicio que ofrecemos. Confirma que tiene derecho a otorgar esta licencia para cualquier contenido que publique.<\/p>\n\n\n\n<h4 class=\"wp-block-heading\"><strong>General<\/strong><\/h4>\n\n\n\n<p>Las referencias a \"usted\" en estos t\u00e9rminos significan usted cuando act\u00faa como individuo o, cuando est\u00e1 utilizando este sitio en nombre de una empresa u otra entidad, esa entidad. Cuando act\u00faa en nombre de una entidad, al utilizar este sitio confirma que tiene derecho a celebrar este contrato en nombre de esa entidad. No hay terceros beneficiarios de estos t\u00e9rminos.<\/p>\n\n\n\n<p>Estos t\u00e9rminos se rigen por la ley inglesa y cualquier disputa entre nosotros estar\u00e1 sujeta a la jurisdicci\u00f3n exclusiva de los tribunales ingleses.<\/p>\n\n\n\n<h4 class=\"wp-block-heading\"><strong>Octopus<\/strong><strong>Interview<\/strong><\/h4>\n\n\n\n<p class=\"translation-block\">OctopusInterview es un nombre comercial de Octopus Metrics Ltd., una empresa registrada en Inglaterra con el n\u00famero de empresa 11313454 y con domicilio social en 1 Sheffield Road, Southborough, Tunbridge Wells TN4 0PD, Reino Unido.<\/p>\n\t\t\t\t\t\t\t\t<\/div>\n\t\t\t\t<\/div>\n\t\t\t\t\t<\/div>\n\t\t<\/div>\n\t\t\t\t\t<\/div>\n\t\t<\/section>\n\t\t\t\t<\/div>","protected":false},"excerpt":{"rendered":"<p>Introduction This video interviewing service is provided by Octopus Metrics Ltd. via the https:\/\/www.octopusinterview.com platform. In order to use this service you need to agree to our Terms and Conditions. Changes We may change these terms. If we make changes we will notify you by email accordingly and if you continue to use this service &hellip;<\/p>\n<p class=\"read-more\"> <a class=\"\" href=\"https:\/\/octopusinterview.online\/es\/terms-of-use\/\"> <span class=\"screen-reader-text\">T\u00e9rminos de uso<\/span> Leer m\u00e1s &raquo;<\/a><\/p>","protected":false},"author":1,"featured_media":0,"parent":0,"menu_order":0,"comment_status":"closed","ping_status":"closed","template":"","meta":{"_exactmetrics_skip_tracking":false,"_exactmetrics_sitenote_active":false,"_exactmetrics_sitenote_note":"","_exactmetrics_sitenote_category":0,"footnotes":""},"class_list":["post-1346","page","type-page","status-publish","hentry"],"yoast_head":"<!-- This site is optimized with the Yoast SEO plugin v27.4 - https:\/\/yoast.com\/product\/yoast-seo-wordpress\/ -->\n<title>Terms of use - Octopus Interview<\/title>\n<meta name=\"description\" content=\"The simple pay as you go pre-recorded video interview solution.\" \/>\n<meta name=\"robots\" content=\"index, follow, max-snippet:-1, max-image-preview:large, max-video-preview:-1\" \/>\n<link rel=\"canonical\" href=\"https:\/\/octopusinterview.online\/es\/terms-of-use\/\" \/>\n<meta property=\"og:locale\" content=\"es_ES\" \/>\n<meta property=\"og:type\" content=\"article\" \/>\n<meta property=\"og:title\" content=\"Terms of use - Octopus Interview\" \/>\n<meta property=\"og:description\" content=\"The simple pay as you go pre-recorded video interview solution.\" \/>\n<meta property=\"og:url\" content=\"https:\/\/octopusinterview.online\/es\/terms-of-use\/\" \/>\n<meta property=\"og:site_name\" content=\"Octopus Interview\" \/>\n<meta property=\"article:modified_time\" content=\"2020-12-04T17:28:36+00:00\" \/>\n<meta name=\"twitter:card\" content=\"summary_large_image\" \/>\n<meta name=\"twitter:label1\" content=\"Tiempo de lectura\" \/>\n\t<meta name=\"twitter:data1\" content=\"4 minutos\" \/>\n<script type=\"application\/ld+json\" class=\"yoast-schema-graph\">{\"@context\":\"https:\\\/\\\/schema.org\",\"@graph\":[{\"@type\":\"WebPage\",\"@id\":\"https:\\\/\\\/octopusinterview.online\\\/terms-of-use\\\/\",\"url\":\"https:\\\/\\\/octopusinterview.online\\\/terms-of-use\\\/\",\"name\":\"Terms of use - Octopus Interview\",\"isPartOf\":{\"@id\":\"https:\\\/\\\/octopusinterview.online\\\/#website\"},\"datePublished\":\"2020-08-20T19:53:54+00:00\",\"dateModified\":\"2020-12-04T17:28:36+00:00\",\"description\":\"The simple pay as you go pre-recorded video interview solution.\",\"breadcrumb\":{\"@id\":\"https:\\\/\\\/octopusinterview.online\\\/terms-of-use\\\/#breadcrumb\"},\"inLanguage\":\"es\",\"potentialAction\":[{\"@type\":\"ReadAction\",\"target\":[\"https:\\\/\\\/octopusinterview.online\\\/terms-of-use\\\/\"]}]},{\"@type\":\"BreadcrumbList\",\"@id\":\"https:\\\/\\\/octopusinterview.online\\\/terms-of-use\\\/#breadcrumb\",\"itemListElement\":[{\"@type\":\"ListItem\",\"position\":1,\"name\":\"Home\",\"item\":\"https:\\\/\\\/octopusinterview.online\\\/\"},{\"@type\":\"ListItem\",\"position\":2,\"name\":\"Terms of use\"}]},{\"@type\":\"WebSite\",\"@id\":\"https:\\\/\\\/octopusinterview.online\\\/#website\",\"url\":\"https:\\\/\\\/octopusinterview.online\\\/\",\"name\":\"Octopus Interview\",\"description\":\"Pre-recorded Video Interview System\",\"publisher\":{\"@id\":\"https:\\\/\\\/octopusinterview.online\\\/#organization\"},\"potentialAction\":[{\"@type\":\"SearchAction\",\"target\":{\"@type\":\"EntryPoint\",\"urlTemplate\":\"https:\\\/\\\/octopusinterview.online\\\/?s={search_term_string}\"},\"query-input\":{\"@type\":\"PropertyValueSpecification\",\"valueRequired\":true,\"valueName\":\"search_term_string\"}}],\"inLanguage\":\"es\"},{\"@type\":\"Organization\",\"@id\":\"https:\\\/\\\/octopusinterview.online\\\/#organization\",\"name\":\"Octopus Interview\",\"url\":\"https:\\\/\\\/octopusinterview.online\\\/\",\"logo\":{\"@type\":\"ImageObject\",\"inLanguage\":\"es\",\"@id\":\"https:\\\/\\\/octopusinterview.online\\\/#\\\/schema\\\/logo\\\/image\\\/\",\"url\":\"https:\\\/\\\/octopusinterview.online\\\/wp-content\\\/uploads\\\/2020\\\/09\\\/output-onlinepngtools.png\",\"contentUrl\":\"https:\\\/\\\/octopusinterview.online\\\/wp-content\\\/uploads\\\/2020\\\/09\\\/output-onlinepngtools.png\",\"width\":289,\"height\":289,\"caption\":\"Octopus Interview\"},\"image\":{\"@id\":\"https:\\\/\\\/octopusinterview.online\\\/#\\\/schema\\\/logo\\\/image\\\/\"},\"sameAs\":[\"https:\\\/\\\/www.linkedin.com\\\/company\\\/octopus-interview\",\"https:\\\/\\\/www.youtube.com\\\/channel\\\/UCH2QczE9uLo8LwdRsUPXUNA\"]}]}<\/script>\n<!-- \/ Yoast SEO plugin. -->","yoast_head_json":{"title":"Terms of use - Octopus Interview","description":"The simple pay as you go pre-recorded video interview solution.","robots":{"index":"index","follow":"follow","max-snippet":"max-snippet:-1","max-image-preview":"max-image-preview:large","max-video-preview":"max-video-preview:-1"},"canonical":"https:\/\/octopusinterview.online\/es\/terms-of-use\/","og_locale":"es_ES","og_type":"article","og_title":"Terms of use - Octopus Interview","og_description":"The simple pay as you go pre-recorded video interview solution.","og_url":"https:\/\/octopusinterview.online\/es\/terms-of-use\/","og_site_name":"Octopus Interview","article_modified_time":"2020-12-04T17:28:36+00:00","twitter_card":"summary_large_image","twitter_misc":{"Tiempo de lectura":"4 minutos"},"schema":{"@context":"https:\/\/schema.org","@graph":[{"@type":"WebPage","@id":"https:\/\/octopusinterview.online\/terms-of-use\/","url":"https:\/\/octopusinterview.online\/terms-of-use\/","name":"Terms of use - Octopus Interview","isPartOf":{"@id":"https:\/\/octopusinterview.online\/#website"},"datePublished":"2020-08-20T19:53:54+00:00","dateModified":"2020-12-04T17:28:36+00:00","description":"The simple pay as you go pre-recorded video interview solution.","breadcrumb":{"@id":"https:\/\/octopusinterview.online\/terms-of-use\/#breadcrumb"},"inLanguage":"es","potentialAction":[{"@type":"ReadAction","target":["https:\/\/octopusinterview.online\/terms-of-use\/"]}]},{"@type":"BreadcrumbList","@id":"https:\/\/octopusinterview.online\/terms-of-use\/#breadcrumb","itemListElement":[{"@type":"ListItem","position":1,"name":"Home","item":"https:\/\/octopusinterview.online\/"},{"@type":"ListItem","position":2,"name":"Terms of use"}]},{"@type":"WebSite","@id":"https:\/\/octopusinterview.online\/#website","url":"https:\/\/octopusinterview.online\/","name":"Octopus Interview","description":"Pre-recorded Video Interview System","publisher":{"@id":"https:\/\/octopusinterview.online\/#organization"},"potentialAction":[{"@type":"SearchAction","target":{"@type":"EntryPoint","urlTemplate":"https:\/\/octopusinterview.online\/?s={search_term_string}"},"query-input":{"@type":"PropertyValueSpecification","valueRequired":true,"valueName":"search_term_string"}}],"inLanguage":"es"},{"@type":"Organization","@id":"https:\/\/octopusinterview.online\/#organization","name":"Octopus Interview","url":"https:\/\/octopusinterview.online\/","logo":{"@type":"ImageObject","inLanguage":"es","@id":"https:\/\/octopusinterview.online\/#\/schema\/logo\/image\/","url":"https:\/\/octopusinterview.online\/wp-content\/uploads\/2020\/09\/output-onlinepngtools.png","contentUrl":"https:\/\/octopusinterview.online\/wp-content\/uploads\/2020\/09\/output-onlinepngtools.png","width":289,"height":289,"caption":"Octopus Interview"},"image":{"@id":"https:\/\/octopusinterview.online\/#\/schema\/logo\/image\/"},"sameAs":["https:\/\/www.linkedin.com\/company\/octopus-interview","https:\/\/www.youtube.com\/channel\/UCH2QczE9uLo8LwdRsUPXUNA"]}]}},"_links":{"self":[{"href":"https:\/\/octopusinterview.online\/es\/wp-json\/wp\/v2\/pages\/1346","targetHints":{"allow":["GET"]}}],"collection":[{"href":"https:\/\/octopusinterview.online\/es\/wp-json\/wp\/v2\/pages"}],"about":[{"href":"https:\/\/octopusinterview.online\/es\/wp-json\/wp\/v2\/types\/page"}],"author":[{"embeddable":true,"href":"https:\/\/octopusinterview.online\/es\/wp-json\/wp\/v2\/users\/1"}],"replies":[{"embeddable":true,"href":"https:\/\/octopusinterview.online\/es\/wp-json\/wp\/v2\/comments?post=1346"}],"version-history":[{"count":4,"href":"https:\/\/octopusinterview.online\/es\/wp-json\/wp\/v2\/pages\/1346\/revisions"}],"predecessor-version":[{"id":3040,"href":"https:\/\/octopusinterview.online\/es\/wp-json\/wp\/v2\/pages\/1346\/revisions\/3040"}],"wp:attachment":[{"href":"https:\/\/octopusinterview.online\/es\/wp-json\/wp\/v2\/media?parent=1346"}],"curies":[{"name":"wp","href":"https:\/\/api.w.org\/{rel}","templated":true}]}}